{"id":11457,"date":"2018-06-16T17:09:51","date_gmt":"2018-06-16T15:09:51","guid":{"rendered":"https:\/\/youarestillwithme.ange-li.me\/?page_id=11457"},"modified":"2018-06-16T17:11:44","modified_gmt":"2018-06-16T15:11:44","slug":"datenschutzerklaerung-facebook-seite-you-are-still-with-me","status":"publish","type":"page","link":"https:\/\/youarestillwithme.ange-li.me\/?page_id=11457","title":{"rendered":"Datenschutzerklaerung facebook Seite \u201e\u2026 you are still with me\u201c"},"content":{"rendered":"<h1><strong>Datenschutzerkl\u00e4rung f\u00fcr meine facebook Seite <\/strong><strong>\u201e\u2026 you are still with me\u201c. <\/strong><\/h1>\n<p>&nbsp;<\/p>\n<h2><strong>Datenschutzhinweise: <\/strong><\/h2>\n<h2><strong>Name und Anschrift der Verantwortlichen: <\/strong><\/h2>\n<p>Gemeinsam Verantwortliche f\u00fcr den Betrieb dieser Facebook-Seite sind im Sinne der EU-Datenschutz-Grundverordnung sowie sonstiger datenschutzrechtlicher Bestimmungen die:<\/p>\n<p>Facebook Ireland Ltd. (nachfolgend \u201eFacebook\u201c)<\/p>\n<p>4 Grand Canal Square<br \/>\nGrand Canal Harbour<br \/>\nDublin 2<br \/>\nIrland<\/p>\n<p>und<\/p>\n<p>Angelika Lindner<br \/>\nKarl-Frey-Str. 24<br \/>\n70499 Stuttgart<br \/>\nGermany<\/p>\n<h3><strong>Informationen \u00fcber meine Facebook-Seite. <\/strong><\/h3>\n<p>Ich betreibe diese Seite, um auf meine Dienstleistungen\/Produkte aufmerksam zu machen und um mit Ihnen als Besucher und Benutzer dieser Facebook-Seite sowie meiner Webseite in Kontakt zu treten. Weitere Informationen \u00fcber mich sowie \u00fcber meine T\u00e4tigkeiten etc. erhalten Sie auf meiner Webseite unter <em><strong><a href=\"https:\/\/youarestillwithme.ange-li.me\/?page_id=126\">https:\/\/youarestillwithme.ange-li.me\/?page_id=126<\/a><\/strong><\/em><\/p>\n<p>Ich als Betreiber der Facebook-Seite habe kein Interesse an der Erhebung und weiteren Verarbeitung Ihrer individuellen personenbezogenen Daten zu Analyse- oder Marketingzwecken. Weiterf\u00fchrende Hinweise zu unserem Umgang mit personenbezogenen Daten finden Sie in meiner Datenschutzerkl\u00e4rung auf meiner Webseite unter <a href=\"https:\/\/youarestillwithme.ange-li.me\/?page_id=11364\"><em><strong>https:\/\/youarestillwithme.ange-li.me\/?page_id=11364<\/strong><\/em><\/a><\/p>\n<p>Der Betrieb dieser Facebook-Seite unter Einbezug der Verarbeitung der personenbezogenen Daten der Nutzer erfolgt auf Grundlage meiner berechtigten Interessen an einer zeitgem\u00e4\u00dfen und unterst\u00fctzenden Informations- und Interaktionsm\u00f6glichkeit f\u00fcr und mit meinen\/unseren Nutzern und Besuchern gem. Art. 6 Abs. 1 lit. f. DSGVO.<\/p>\n<h3><strong>Verarbeitung von Personenbezogenen Daten durch Facebook <\/strong><\/h3>\n<p>Der Europ\u00e4ische Gerichtshof (EuGH) hat in seinem Urteil vom 5. Juni 2018 entschieden: <em><strong><a href=\"http:\/\/curia.europa.eu\/juris\/document\/document.jsf?text=&amp;docid=202543&amp;pageIndex=0&amp;doclang=DE&amp;mode=req&amp;dir=&amp;occ=first&amp;part=1&amp;cid=298398%20setzen\">http:\/\/curia.europa.eu\/juris\/document\/document.jsf?text=&amp;docid=202543&amp;pageIndex=0&amp;doclang=DE&amp;mode=req&amp;dir=&amp;occ=first&amp;part=1&amp;cid=298398<\/a>,<\/strong><\/em> dass der Betreiber einer Facebook-Seite gemeinsam mit Facebook f\u00fcr die Verarbeitung personenbezogener Daten verantwortlich ist.<\/p>\n<p>Uns\/mir ist bekannt, dass Facebook die Daten der Nutzer zu folgenden Zwecken verarbeitet:<\/p>\n<ul>\n<li>Werbung (Analyse, Erstellung personalisierter Werbung)<\/li>\n<li>Erstellung von Nutzerprofilen<\/li>\n<li>Marktforschung<\/li>\n<\/ul>\n<p>Facebook setzt zur Speicherung und weiteren Verarbeitung dieser Informationen Cookies ein, also kleine Textdateien, die auf den verschiedenen Endger\u00e4ten der Benutzer gespeichert werden. Sofern der Benutzer ein Facebook-Profil besitzt und bei diesem eingeloggt ist, erfolgt die Speicherung und Analyse auch ger\u00e4te\u00fcbergreifend.<\/p>\n<p>Die Datenschutzerkl\u00e4rung von Facebook enth\u00e4lt weitere Informationen zur Datenverarbeitung: <a href=\"https:\/\/www.facebook.com\/about\/privacy\/\"><em><strong>https:\/\/www.facebook.com\/about\/privacy\/<\/strong> <\/em><\/a><\/p>\n<p>Widerspruchsm\u00f6glichkeiten (sog. Opt-Out) k\u00f6nnen hier: <strong><em><a href=\"https:\/\/www.facebook.com\/settings?tab=ads\">https:\/\/www.facebook.com\/settings?tab=ads<\/a><\/em><\/strong> und hier <a href=\"http:\/\/www.youronlinechoices.com\/\"><strong><em>http:\/\/www.youronlinechoices.com<\/em><\/strong><\/a> gesetzt werden.<\/p>\n<p>Facebook Inc., der US-amerikanische Mutterkonzern der Facebook Ireland Ltd. ist unter dem EU-U.S. Privacy-Shield zertifiziert und gibt damit die Zusage, sich an europ\u00e4ische Datenschutzrichtlinien zu halten.<\/p>\n<p>Weitere Informationen zum Privacy-Shield-Status von Facebook gibt es hier: <strong><em><a href=\"https:\/\/www.privacyshield.gov\/participant?id=a2zt0000000GnywAAC&amp;status=Active\">https:\/\/www.privacyshield.gov\/participant?id=a2zt0000000GnywAAC&amp;status=Active<\/a>.<\/em><\/strong><\/p>\n<p>Die \u00dcbermittlung und weitere Verarbeitung personenbezogener Daten der Benutzer in Drittl\u00e4nder, wie z.B. die USA, sowie die damit verbundenen eventuellen Risiken f\u00fcr die Benutzer k\u00f6nnen von mir als Betreiber der Seite nicht ausgeschlossen werden.<\/p>\n<h3><strong>Statistische Daten <\/strong><\/h3>\n<p>\u00dcber die sogenannten \u201eInsights\u201c der Facebook-Seite sind statistische Daten unterschiedlicher Kategorien f\u00fcr mich abrufbar. Diese Statistiken werden durch Facebook erzeugt und bereitgestellt. Auf die Erzeugung und Darstellung haben wir als Betreiber der Seite keinen Einfluss. Wir k\u00f6nnen diese Funktion nicht abstellen oder die Erzeugung und Verarbeitung der Daten nicht verhindern. F\u00fcr einen w\u00e4hlbaren Zeitraum sowie jeweils f\u00fcr die Kategorien Fans, Abonnenten, erreichte Personen und interagierende Personen werden uns bezogen auf unsere Facebook-Seite nachfolgende Daten durch Facebook bereitgestellt:<\/p>\n<p>Gesamtanzahl von Seitenaufrufen, \u201eGef\u00e4llt mir\u201c-Angaben, Seitenaktivit\u00e4ten, Beitragsinteraktionen, Reichweite, Videoansichten, Beitragsreichweite, Kommentaren, Geteilten Inhalten, Antworten, Anteil M\u00e4nner und Frauen, Herkunft bezogen auf Land und Stadt, Sprache, Aufrufe und Klicks im Shop, Klicks auf Routenplaner, Klicks auf Telefonnummern. Ebenfalls werden auf diesem Wege Daten zu den mit unserer Facebook-Seite verkn\u00fcpften Facebook-Gruppen bereitgestellt. Durch die st\u00e4ndige Entwicklung von Facebook ver\u00e4ndert sich die Verf\u00fcgbarkeit und die Aufbereitung der Daten, sodass ich f\u00fcr weitere Details dazu auf die bereits o.g. Datenschutzerkl\u00e4rung von Facebook verweise.<\/p>\n<p>Ich nutze diese in aggregierter Form verf\u00fcgbaren Daten, um meine Beitr\u00e4ge und Aktivit\u00e4ten auf unserer Facebook-Seite f\u00fcr die Benutzer attraktiver zu machen. So nutzen wir z.B. die Verteilungen nach Alter und Geschlecht f\u00fcr eine angepasste Ansprache und die bevorzugten Besuchszeiten der Nutzer f\u00fcr eine zeitlich optimierte Planung unserer Beitr\u00e4ge. Informationen \u00fcber die Art der verwendeten Endger\u00e4te von Besuchern helfen mir dabei, die Beitr\u00e4ge optisch-gestalterisch daran anzupassen. Entsprechend der Facebook-Nutzungsbedingungen, denen jeder Benutzer im Rahmen der Erstellung eines Facebook-Profils zugestimmt hat, k\u00f6nnen wir die Abonnenten und Fans der Seite identifizieren und deren Profile sowie weitere geteilte Informationen von ihnen einsehen.<\/p>\n<h3><strong>Rechte der Benutzer <\/strong><\/h3>\n<p>Da nur Facebook den vollst\u00e4ndigen Zugriff auf die Benutzerdaten hat, empfehle ich Ihnen, sich direkt an Facebook zu wenden, wenn Sie Auskunftsanfragen oder andere Fragen zu Ihren Rechten als Benutzer stellen m\u00f6chten (z.B. Recht auf L\u00f6schung). Sollten Sie dabei Unterst\u00fctzung ben\u00f6tigen oder anderweitige Fragen haben, dann kontaktieren Sie mich gerne unter per E-Mail unter <a href=\"mailto:webmaster@ange-li.me\"><strong><em>webmaster@ange-li.me<\/em><\/strong><\/a> . Wenn Sie die hier beschriebenen Datenverarbeitungen zuk\u00fcnftig nicht mehr w\u00fcnschen, dann heben Sie bitte durch Nutzung der Funktionen \u201eDiese Seite gef\u00e4llt mir nicht mehr\u201c und\/oder \u201eDiese Seite nicht mehr abonnieren\u201c die Verbindung Ihres Benutzer-Profils zu meiner Seite auf.<\/p>\n<p>Stand der Informationen: 16.06.2018<\/p>\n<p><em>Diese Datenschutzerkl\u00e4rung wurde anhand einer Vorlage der Kanzlei Keese-Haufs erstellt. Ein kostenloses Muster-Exemplar erh\u00e4lt man unter <u><a href=\"https:\/\/l.facebook.com\/l.php?u=https%3A%2F%2Flawlikes.de%2Ffbdse%2F&amp;h=AT0KUVaxKI8zbY5VXNFnbreul1ALugn-7ltgA71FmBU6qwvOhSJN-kLAZEGgyVulnNGbRDyOO69zgX8acvcQQQvHl69V1Hf-MvlHRRce3VKhEg715prYZXABIKwQJjG5vA\" data-lynx-mode=\"asynclazy\"><strong>https:\/\/lawlikes.de\/fbdse<\/strong><\/a><br \/>\n<\/u><\/em><em>Bitte nutze diese Vorlage und kopiere nicht nur einfach meine Datenschutzerkl\u00e4rung. In der Vorlage siehst du genau an welchen Stellen Anpassungen vorgenommen werden m\u00fcssen. <\/em><\/p>\n<p>&nbsp;<\/p>\n","protected":false},"excerpt":{"rendered":"<p>Datenschutzerkl\u00e4rung f\u00fcr meine facebook Seite \u201e\u2026 you are still with me\u201c. &nbsp; Datenschutzhinweise: Name und Anschrift der Verantwortlichen: Gemeinsam Verantwortliche f\u00fcr den Betrieb&hellip;<\/p>\n","protected":false},"author":1,"featured_media":0,"parent":0,"menu_order":0,"comment_status":"closed","ping_status":"closed","template":"page-templates\/no-sidebar.php","meta":{"footnotes":""},"class_list":["post-11457","page","type-page","status-publish","hentry"],"jetpack_sharing_enabled":true,"jetpack_shortlink":"https:\/\/wp.me\/P52XRJ-2YN","jetpack-related-posts":[],"_links":{"self":[{"href":"https:\/\/youarestillwithme.ange-li.me\/index.php?rest_route=\/wp\/v2\/pages\/11457"}],"collection":[{"href":"https:\/\/youarestillwithme.ange-li.me\/index.php?rest_route=\/wp\/v2\/pages"}],"about":[{"href":"https:\/\/youarestillwithme.ange-li.me\/index.php?rest_route=\/wp\/v2\/types\/page"}],"author":[{"embeddable":true,"href":"https:\/\/youarestillwithme.ange-li.me\/index.php?rest_route=\/wp\/v2\/users\/1"}],"replies":[{"embeddable":true,"href":"https:\/\/youarestillwithme.ange-li.me\/index.php?rest_route=%2Fwp%2Fv2%2Fcomments&post=11457"}],"version-history":[{"count":1,"href":"https:\/\/youarestillwithme.ange-li.me\/index.php?rest_route=\/wp\/v2\/pages\/11457\/revisions"}],"predecessor-version":[{"id":11458,"href":"https:\/\/youarestillwithme.ange-li.me\/index.php?rest_route=\/wp\/v2\/pages\/11457\/revisions\/11458"}],"wp:attachment":[{"href":"https:\/\/youarestillwithme.ange-li.me\/index.php?rest_route=%2Fwp%2Fv2%2Fmedia&parent=11457"}],"curies":[{"name":"wp","href":"https:\/\/api.w.org\/{rel}","templated":true}]}}