{"id":11364,"date":"2018-05-01T20:36:59","date_gmt":"2018-05-01T18:36:59","guid":{"rendered":"http:\/\/youarestillwithme.ange-li.me\/?page_id=11364"},"modified":"2022-11-27T07:45:06","modified_gmt":"2022-11-27T06:45:06","slug":"datenschutzerklaerung-stand-mai-2018","status":"publish","type":"page","link":"https:\/\/youarestillwithme.ange-li.me\/?page_id=11364","title":{"rendered":"Datenschutzerkl\u00e4rung"},"content":{"rendered":"<div class=\"wrap dsgvo-wrap\">\n<p>Verantwortliche Stelle im Sinne der Datenschutzgesetze ist:<\/p>\n<p>Angelika Lindner<br \/>\nKarl-Frey-Str. 24<br \/>\n70499 Stuttgart<br \/>\nhttps:\/\/youarestillwithme.ange-li.me<br \/>\nwebmaster@ange-li.me<\/p>\n<p><strong>Datenschutz<\/strong><\/p>\n<p>Die Betreiber dieser Seiten nehmen den Schutz Ihrer pers\u00f6nlichen Daten sehr ernst. Wir behandeln Ihre personenbezogenen Daten vertraulich und entsprechend der gesetzlichen Datenschutzvorschriften sowie dieser Datenschutzerkl\u00e4rung.<\/p>\n<p>Die Nutzung unserer Webseite ist in der Regel ohne Angabe personenbezogener Daten m\u00f6glich. Soweit auf unseren Seiten personenbezogene Daten (beispielsweise Name, Anschrift oder E-Mail-Adressen) erhoben werden, erfolgt dies, soweit m\u00f6glich, stets auf freiwilliger Basis. Diese Daten werden ohne Ihre ausdr\u00fcckliche Zustimmung nicht an Dritte weitergegeben.<\/p>\n<p>Wir weisen darauf hin, dass die Daten\u00fcbertragung im Internet (z.B. bei der Kommunikation per E-Mail) Sicherheitsl\u00fccken aufweisen kann. Ein l\u00fcckenloser Schutz der Daten vor dem Zugriff durch Dritte ist nicht m\u00f6glich.<\/p>\n<p><strong>Erfassung allgemeiner Informationen<\/strong><\/p>\n<p>Wenn Sie auf unsere Webseite zugreifen, werden vom Server automatisch Informationen allgemeiner Natur erfasst. Diese Informationen (Server-Logfiles) beinhalten<\/p>\n<ul>\n<li>Art des Webbrowsers, Browsertyp und Browserversion<\/li>\n<li>Das verwendete Betriebssystem<\/li>\n<li>Die Referrer URL<\/li>\n<li>den Hostname des zugreifenden Rechners<\/li>\n<li>Tag, Datum und Uhrzeit der Serveranfrage<\/li>\n<\/ul>\n<p>Hierbei handelt es sich ausschlie\u00dflich um Informationen, welche keine R\u00fcckschl\u00fcsse auf Ihre Person zulassen. Diese Informationen sind technisch notwendig, um von Ihnen angeforderte Inhalte von Webseiten korrekt auszuliefern und fallen bei Nutzung des Internets zwingend an. Anonyme Informationen dieser Art werden von uns statistisch ausgewertet, um unseren Internetauftritt und die dahinterstehende Technik zu optimieren. Eine Zusammenf\u00fchrung dieser Daten mit anderen Daten oder Datenquellen wird nicht vorgenommen.<\/p>\n<p><strong>Cookies<\/strong><\/p>\n<p>Wie viele andere Webseiten verwenden wir auch so genannte \u201eCookies\u201c. Cookies sind kleine Textdateien, die von einem Webseitenserver auf Ihre Festplatte \u00fcbertragen werden. Hierdurch erhalten wir automatisch bestimmte Daten wie z. B. IP-Adresse, verwendeter Browser, Betriebssystem \u00fcber Ihren Computer und Ihre Verbindung zum Internet.<\/p>\n<p>Cookies k\u00f6nnen nicht verwendet werden, um Programme zu starten oder Viren auf einen Computer zu \u00fcbertragen. Anhand der in Cookies enthaltenen Informationen k\u00f6nnen wir dir die Navigation erleichtern und die korrekte Anzeige unserer Webseiten erm\u00f6glichen.<\/p>\n<p>Wenn Sie einen Kommentar auf unserer Website schreiben, kann das eine Einwilligung sein, Ihren Namen, Ihre E-Mail-Adresse und Ihre Website in Cookies zu speichern. Dies ist eine Komfortfunktion, damit Sie nicht, wenn Sie einen weiteren Kommentar schreiben, all diese Daten erneut eingeben m\u00fcssen. Diese Cookies werden ein Jahr lang gespeichert.<\/p>\n<p>In keinem Fall werden die von uns erfassten Daten an Dritte weitergegeben oder ohne Ihre Einwilligung eine Verkn\u00fcpfung mit personenbezogenen Daten hergestellt.<\/p>\n<p>Nat\u00fcrlich k\u00f6nnen Sie unsere Website grunds\u00e4tzlich auch ohne Cookies betrachten. Internet-Browser sind regelm\u00e4\u00dfig so eingestellt, dass sie Cookies akzeptieren. Sie k\u00f6nnen die Verwendung von Cookies jederzeit \u00fcber die Einstellungen Ihres Browsers deaktivieren. Bitte verwenden Sie die Hilfefunktionen Ihres Internetbrowsers, um zu erfahren, wie Sie diese Einstellungen \u00e4ndern k\u00f6nnen. Bitte beachten Sie, dass einzelne Funktionen unserer Website m\u00f6glicherweise nicht funktionieren, wenn Sie die Verwendung von Cookies deaktiviert haben.<\/p>\n<p><strong>Kommentarfunktion<\/strong><\/p>\n<p>Wenn Nutzer Kommentare im Blog hinterlassen, werden neben diesen Angaben auch der Zeitpunkt ihrer Erstellung und der zuvor durch den Websitebesucher gew\u00e4hlte Nutzername gespeichert. Dies dient unserer Sicherheit, da wir f\u00fcr widerrechtliche Inhalte auf unserer Webseite belangt werden k\u00f6nnen, auch wenn diese durch Benutzer erstellt wurden.<\/p>\n<p>Wenn Besucher Kommentare auf der Website schreiben, sammeln wir die Daten, die im Kommentar-Formular angezeigt werden, au\u00dferdem die IP-Adresse des Besuchers und den User-Agent-String (damit wird der Browser identifiziert), um die Erkennung von Spam zu unterst\u00fctzen. Avatare und Nutzerbilder in Kommentaren sind deaktiviert und werden nicht dargestellt.<\/p>\n<p>Wenn Sie einen Kommentar schreiben, wird dieser inklusive Metadaten zeitlich unbegrenzt gespeichert. Auf diese Art k\u00f6nnen wir Folgekommentare automatisch erkennen und freigeben, anstelle sie in einer Moderations-Warteschlange zu speichern und manuell freizugeben.<\/p>\n<p><strong>SSL-Verschl\u00fcsselung<\/strong><\/p>\n<p>Um die Sicherheit Ihrer Daten bei der \u00dcbertragung zu sch\u00fctzen, verwenden wir dem aktuellen Stand der Technik entsprechende Verschl\u00fcsselungsverfahren (z. B. SSL) \u00fcber HTTPS.<\/p>\n<p><strong>Newsletter<\/strong><\/p>\n<p>Bei der Anmeldung zum Bezug einer unserer Newsletter werden die von Ihnen angegebenen Daten (Name, email Adresse) ausschlie\u00dflich f\u00fcr diesen Zweck verwendet. Abonnenten k\u00f6nnen auch \u00fcber Umst\u00e4nde per E-Mail informiert werden, die f\u00fcr den Dienst oder die Registrierung relevant sind (Beispielsweise \u00c4nderungen des Newsletterangebots oder technische Gegebenheiten).<\/p>\n<p>F\u00fcr eine wirksame Registrierung ben\u00f6tigen wir eine valide E-Mail-Adresse. Um zu \u00fcberpr\u00fcfen, dass eine Anmeldung tats\u00e4chlich durch den Inhaber einer E-Mail-Adresse erfolgt, setzen wir das \u201eDouble-opt-in\u201c-Verfahren ein. Hierzu protokollieren wir die Bestellung des Newsletters, den Versand einer Best\u00e4tigungsmail und den Eingang der hiermit angeforderten Antwort. Weitere Daten werden nicht erhoben. Die Daten werden ausschlie\u00dflich f\u00fcr den Newsletterversand verwendet und nicht an Dritte weitergegeben.<\/p>\n<p>Die Einwilligung zur Speicherung Ihrer pers\u00f6nlichen Daten und ihrer Nutzung f\u00fcr den Newsletterversand k\u00f6nnen Sie jederzeit widerrufen. In jedem Newsletter findet sich dazu ein entsprechender Link. Au\u00dferdem k\u00f6nnen Sie sich jederzeit auch direkt auf dieser Webseite abmelden oder uns Ihren entsprechenden Wunsch \u00fcber die am Ende dieser Datenschutzhinweise angegebene Kontaktm\u00f6glichkeit mitteilen.<\/p>\n<p><strong>Kontaktformular<\/strong><\/p>\n<p>Treten Sie per E-Mail oder Kontaktformular mit uns in Kontakt, werden die von Ihnen gemachten Angaben zum Zwecke der Bearbeitung der Anfrage sowie f\u00fcr m\u00f6gliche Anschlussfragen gespeichert.<\/p>\n<p><strong>Export von personenbezogenen Daten<\/strong><\/p>\n<p>Wenn Sie einen oder mehrere Kommentare auf unserer Webseite geschrieben haben, k\u00f6nnen Sie einen Export Ihrer personenbezogenen Daten bei uns anfordern, inklusive aller Daten, die Sie uns mitgeteilt haben. Dar\u00fcber hinaus k\u00f6nnen Sie die L\u00f6schung aller personenbezogenen Daten, die wir von Ihnen gespeichert haben, anfordern. Dies umfasst nicht die Daten, die wir aufgrund administrativer, rechtlicher oder sicherheitsrelevanter Notwendigkeiten aufbewahren m\u00fcssen.<\/p>\n<p><strong>L\u00f6schung bzw. Sperrung der Daten<\/strong><\/p>\n<p>Wir halten uns an die Grunds\u00e4tze der Datenvermeidung und Datensparsamkeit. Wir speichern Ihre personenbezogenen Daten daher nur so lange, wie dies zur Erreichung der hier genannten Zwecke erforderlich ist oder wie es die vom Gesetzgeber vorgesehenen vielf\u00e4ltigen Speicherfristen vorsehen. Nach Fortfall des jeweiligen Zweckes bzw. Ablauf dieser Fristen werden die entsprechenden Daten routinem\u00e4\u00dfig und entsprechend den gesetzlichen Vorschriften gesperrt oder gel\u00f6scht.<\/p>\n<p><strong>Verwendung von Scriptbibliotheken (Google Webfonts)<\/strong><\/p>\n<p>Um unsere Inhalte browser\u00fcbergreifend korrekt und grafisch ansprechend darzustellen, verwenden wir auf dieser Website Scriptbibliotheken und Schriftbibliotheken wie z. B. Google Webfonts (<a href=\"http:\/\/www.google.com\/webfonts\/\">https:\/\/www.google.com\/webfonts\/<\/a>). Google Webfonts werden zur Vermeidung mehrfachen Ladens in den Cache Ihres Browsers \u00fcbertragen. Falls der Browser die Google Webfonts nicht unterst\u00fctzt oder den Zugriff unterbindet, werden Inhalte in einer Standardschrift angezeigt.<\/p>\n<p>Der Aufruf von Scriptbibliotheken oder Schriftbibliotheken l\u00f6st automatisch eine Verbindung zum Betreiber der Bibliothek aus. Dabei ist es theoretisch m\u00f6glich \u2013 aktuell allerdings auch unklar ob und ggf. zu welchen Zwecken \u2013 dass Betreiber entsprechender Bibliotheken Daten erheben.<\/p>\n<p>Die Datenschutzrichtlinie des Bibliothekbetreibers Google finden Sie hier: <a href=\"https:\/\/www.google.com\/policies\/privacy\/\">https:\/\/www.google.com\/policies\/privacy\/<\/a><\/p>\n<p><strong>Eingebettete YouTube-Videos<\/strong><\/p>\n<p>Auf einigen unserer Webseiten betten wir Youtube-Videos ein. Betreiber der entsprechenden Plugins ist die YouTube, LLC, 901 Cherry Ave., San Bruno, CA 94066, USA. Wenn Sie eine Seite mit dem YouTube-Plugin besuchen, wird eine Verbindung zu Servern von Youtube hergestellt. Dabei wird Youtube mitgeteilt, welche Seiten Sie besuchen. Wenn Sie in Ihrem Youtube-Account eingeloggt sind, kann Youtube Ihr Surfverhalten Ihnen pers\u00f6nlich zuzuordnen. Dies verhindern Sie, indem Sie sich vorher aus Ihrem Youtube-Account ausloggen.<\/p>\n<p>Wird ein Youtube-Video gestartet, setzt der Anbieter Cookies ein, die Hinweise \u00fcber das Nutzerverhalten sammeln.<\/p>\n<p>Wer das Speichern von Cookies f\u00fcr das Google-Ad-Programm deaktiviert hat, wird auch beim Anschauen von Youtube-Videos mit keinen solchen Cookies rechnen m\u00fcssen. Youtube legt aber auch in anderen Cookies nicht-personenbezogene Nutzungsinformationen ab. M\u00f6chten Sie dies verhindern, so m\u00fcssen Sie das Speichern von Cookies im Browser blockieren.<\/p>\n<p>Weitere Informationen zum Datenschutz bei \u201eYoutube\u201c finden Sie in der Datenschutzerkl\u00e4rung des Anbieters unter: <a href=\"https:\/\/www.google.de\/intl\/de\/policies\/privacy\/\">https:\/\/www.google.de\/intl\/de\/policies\/privacy\/ <\/a><\/p>\n<p><strong>Ihre Rechte auf Auskunft, Berichtigung, Sperre, L\u00f6schung und Widerspruch<\/strong><\/p>\n<p>Sie haben das Recht, jederzeit Auskunft \u00fcber Ihre bei uns gespeicherten personenbezogenen Daten zu erhalten. Ebenso haben Sie das Recht auf Berichtigung, Sperrung oder, abgesehen von der vorgeschriebenen Datenspeicherung zur Gesch\u00e4ftsabwicklung, L\u00f6schung Ihrer personenbezogenen Daten. Bitte wenden Sie sich dazu an unseren Datenschutzbeauftragten. Die Kontaktdaten finden Sie ganz unten.<\/p>\n<p>Damit eine Sperre von Daten jederzeit ber\u00fccksichtigt werden kann, m\u00fcssen diese Daten zu Kontrollzwecken in einer Sperrdatei vorgehalten werden. Sie k\u00f6nnen auch die L\u00f6schung der Daten verlangen, soweit keine gesetzliche Archivierungsverpflichtung besteht. Soweit eine solche Verpflichtung besteht, sperren wir Ihre Daten auf Wunsch.<\/p>\n<p>Sie k\u00f6nnen \u00c4nderungen oder den Widerruf einer Einwilligung durch entsprechende Mitteilung an uns mit Wirkung f\u00fcr die Zukunft vornehmen.<\/p>\n<p><strong>\u00c4nderung unserer Datenschutzbestimmungen<\/strong><\/p>\n<p>Wir behalten uns vor, diese Datenschutzerkl\u00e4rung gelegentlich anzupassen, damit sie stets den aktuellen rechtlichen Anforderungen entspricht oder um \u00c4nderungen unserer Leistungen in der Datenschutzerkl\u00e4rung umzusetzen, z. B. bei der Einf\u00fchrung neuer Services. F\u00fcr Ihren erneuten Besuch gilt dann die neue Datenschutzerkl\u00e4rung.<\/p>\n<p><strong>Fragen an den Datenschutzbeauftragten<\/strong><\/p>\n<p>Wenn Sie Fragen zum Datenschutz haben, schreiben Sie uns bitte eine E-Mail oder wenden Sie sich direkt an unseren Datenschutzbeauftragten:<\/p>\n<p>webmaster@ange-li.me<\/p>\n<p><strong>\u00a0<\/strong><\/p>\n<p><strong>WordPress Plugins, die externe Daten erfassen<\/strong><\/p>\n<p><strong>Statify von pluginkollektiv<\/strong><\/p>\n<p><a href=\"https:\/\/de.wordpress.org\/plugins\/statify\/\">https:\/\/de.wordpress.org\/plugins\/statify\/<\/a><\/p>\n<p>Statify zeigt eine \u00dcbersicht \u00fcber die Anzahl der Seitenaufrufe an und ist konform zu deutschem Datenschutzrecht. Es werden keine personenbezogenen Daten gespeichert. <em>Statify<\/em> z\u00e4hlt Aufrufe, keine Besucher.<\/p>\n<p><strong>Jetpack von WordPress.com von Automattic<\/strong><\/p>\n<p>Diese Webseite verwendet das WordPress Plugin &#8222;Jetpack&#8220; von Automattic. <a href=\"https:\/\/de.wordpress.org\/plugins\/jetpack\/\">https:\/\/de.wordpress.org\/plugins\/jetpack\/<\/a><\/p>\n<p>Neben vielen M\u00f6glichkeiten, eine Webseite grafisch besser zu gestalten, bietet &#8222;Jetpack&#8220; auch M\u00f6glichkeiten Aufrufe und Besucher zu z\u00e4hlen und Statistiken zu erstellen . Nachfolgend ist vermerkt, welche Optionen die Webseite ange-li.me verwendet.<\/p>\n<ul>\n<li>Die Funktion, dass Benutzer mit ihrem WordPress.com-, Twitter-, Facebook- oder Google+-Konto kommentieren k\u00f6nnen ist aktiviert.<\/li>\n<li>WordPress &#8222;Teilen Button&#8220;: Ist ausgeschaltet.<\/li>\n<li>WordPress &#8222;Gef\u00e4llt mir Button&#8220;: Ist ausgeschaltet.<\/li>\n<li>Die Funktion Popup-Visitenkarten, die erscheinen, wenn man \u00fcber das Gravatar eines Kommentators f\u00e4hrt, ist ausgeschaltet.<\/li>\n<li>Option &#8222;Blog folgen&#8220; ist ausgeschaltet.<\/li>\n<li>Die Funktione, dass Benutzer Beitr\u00e4ge abonnieren und Benachrichtigungen per email erhalten k\u00f6nnen, ist ausgeschaltet.<\/li>\n<li>Die M\u00f6glichkeit Kommentaren zu folgen oder diese per email zu erhalten ist ausgeschaltet.<\/li>\n<li>Die Auswertung von statistischen Daten ist ausgeschaltet:<br \/>\nAufrufe, Besucher, Tag, Monat, Jahr<br \/>\nWie h\u00e4ufig die Webseite aufgerufen wurde.<br \/>\nVon welcher Webseite\/Link die Besucher kamen (Referrer).<br \/>\nAus welchem Land die Besucher kamen.<br \/>\nWelche Seiten und Beitr\u00e4ge aufgerufen wurden.<br \/>\nWelche externen Links angeklickt wurden.<\/li>\n<li>SEO Tools bei Suchmaschinen, facebook ud twitter sind ausgeschaltet.<\/li>\n<li>Werbebuttons sind deaktiviert.<\/li>\n<li>Buttons f\u00fcr Zahlungsmethoden sind deaktiviert.<\/li>\n<\/ul>\n<p>Automattic ist unter dem Privacy-Shield-Abkommen zertifiziert und bietet hierdurch eine Garantie, das europ\u00e4ische Datenschutzrecht einzuhalten (<a href=\"https:\/\/www.privacyshield.gov\/participant?id=a2zt0000000CbqcAAC&amp;status=Active\">https:\/\/www.privacyshield.gov\/participant?id=a2zt0000000CbqcAAC&amp;status=Active<\/a>).<\/p>\n<p>Die durch das Cookie erzeugten Informationen \u00fcber Ihre Benutzung dieses Onlineangebotes werden auf einem Server in den USA gespeichert. Dabei k\u00f6nnen aus den verarbeiteten Daten Nutzungsprofile der Nutzer erstellt werden, wobei diese nur zu Analyse- und nicht zu Werbezwecken eingesetzt werden. Weitere Informationen erhalten Sie in den Datenschutzerkl\u00e4rungen von Automattic: <a href=\"https:\/\/automattic.com\/privacy\/\">https:\/\/automattic.com\/privacy\/<\/a> und Hinweisen zu Jetpack-Cookies:\u00a0<a href=\"https:\/\/jetpack.com\/support\/cookies\/\">https:\/\/jetpack.com\/support\/cookies\/<\/a>.<\/p>\n<p><strong>Antispam Bee von pluginkollektiv<\/strong><\/p>\n<p>Diese Webseite verwendet Antispam Bee von pluginkollektiv gegen Spam.<\/p>\n<p><a href=\"https:\/\/de.wordpress.org\/plugins\/antispam-bee\/\">https:\/\/de.wordpress.org\/plugins\/antispam-bee\/<\/a><\/p>\n<p>Antispam Bee \u00fcberpr\u00fcft automatisch alle Kommentare und filtert diejenigen heraus, die wie Spam aussehen.<\/p>\n<p>Dabei werden statische Daten wie Name, Internetseite, emailadresse des Kommentators erfasst. Die Anzeige von Avataren ist ausgeschaltet.<\/p>\n<p>Von\u00a0Antispam Bee geblockte Kommentare werden durch den Webseitenbetreiber freigegeben.<\/p>\n<p>Der Webseitenbetreiber kann ggf. auf eine Statistik der Kommentare zugreifen und sehen, welcher Kommentartor wieviele Kommentare abgegeben hat.<\/p>\n<p><strong>Die Nachricht \u00fcber die Verwendung (Cookie Notice) erfolgt \u00fcber das Plugin WP DSGVO Tools von <span class=\"byline\"><span class=\"author vcard\"><a class=\"url fn n\" href=\"https:\/\/www.shapepress.com\" rel=\"nofollow\">Shapepress eU<\/a><\/span><\/span><br \/>\n<\/strong><\/p>\n<p>Mit diesem Plugin informiert die Webseite ange-li.me seine Besucher dar\u00fcber, dass ange-li.me Cookies benutzt. Dies ist notwendig, um die EU-Cookie-Richtlinie zu erf\u00fcllen.<br \/>\n<a href=\"https:\/\/wordpress.org\/plugins\/shapepress-dsgvo\/\">https:\/\/wordpress.org\/plugins\/shapepress-dsgvo\/<\/a><\/p>\n<p>Sie k\u00f6nnen Ihren Browser so einstellen, dass Sie \u00fcber das Setzen von Cookies informiert werden und Cookies nur im Einzelfall erlauben, die Annahme von Cookies f\u00fcr bestimmte F\u00e4lle oder generell ausschlie\u00dfen sowie das automatische L\u00f6schen der Cookies beim Schlie\u00dfen des Browser aktivieren. Bei der Deaktivierung von Cookies kann die Funktionalit\u00e4t dieser Website eingeschr\u00e4nkt sein.<\/p>\n<p><strong>Widerspruch gegen Werbe-Mails<\/strong><\/p>\n<p>Der Nutzung von im Rahmen der Impressumspflicht ver\u00f6ffentlichten Kontaktdaten zur \u00dcbersendung von nicht ausdr\u00fccklich angeforderter Werbung und Informationsmaterialien wird hiermit widersprochen. Die Betreiber der Seiten behalten sich ausdr\u00fccklich rechtliche Schritte im Falle der unverlangten Zusendung von Werbeinformationen, etwa durch Spam-E-Mails, vor.<\/p>\n<p><strong>Statistik- und Analysetools \u00fcber den Server des Internetproviders<\/strong><\/p>\n<p>Diese Webseite ist bei Strato gehostet. <a href=\"https:\/\/www.strato.de\/datenschutz\/\">https:\/\/www.strato.de\/datenschutz\/<\/a><br \/>\nIn seiner <a href=\"https:\/\/www.strato.de\/datenschutz\/\">Datenschutzerkl\u00e4rung<\/a> gibt Strato an, dass das Unternehmen auf seinen Servern folgende Dienste von Google einsetzt:<\/p>\n<ul>\n<li>Google Analytics<\/li>\n<li>Google AdWords<\/li>\n<li>Einsatz von Google Remarketing<\/li>\n<\/ul>\n<p>Auch wenn die Webseite ange-li.me diese Dienste \u00fcber WordPress selbst nicht aktiviert hat, k\u00f6nnen die Betreiber der Webseite ange-li.me \u00fcber den Internetprovider dennoch Auswertungen \u00fcber diese Google Dienste erstellen, da diese im Paket-Angebot von Strato enthalten sind.<\/p>\n<p><strong>Verwendung von Google Analytics<\/strong><\/p>\n<p>Diese Webseite benutzt Google Analytics, einen Webanalysedienst der Google Inc. (folgend: Google). Google Analytics verwendet sog. \u201eCookies\u201c, also Textdateien, die auf Ihrem Computer gespeichert werden und die eine Analyse der Benutzung der Webseite durch Sie erm\u00f6glichen. Die durch das Cookie erzeugten Informationen \u00fcber Ihre Benutzung dieser Webseite werden in der Regel an einen Server von Google in den USA \u00fcbertragen und dort gespeichert. Aufgrund der Aktivierung der IP-Anonymisierung auf diesen Webseiten, wird Ihre IP-Adresse von Google jedoch innerhalb von Mitgliedstaaten der Europ\u00e4ischen Union oder in anderen Vertragsstaaten des Abkommens \u00fcber den Europ\u00e4ischen Wirtschaftsraum zuvor gek\u00fcrzt. Nur in Ausnahmef\u00e4llen wird die volle IP-Adresse an einen Server von Google in den USA \u00fcbertragen und dort gek\u00fcrzt. Im Auftrag des Betreibers dieser Webseite wird Google diese Informationen benutzen, um Ihre Nutzung der Webseite auszuwerten, um Reports \u00fcber die Webseitenaktivit\u00e4ten zusammenzustellen und um weitere mit der Webseitennutzung und der Internetnutzung verbundene Dienstleistungen gegen\u00fcber dem Webseitenbetreiber zu erbringen. Die im Rahmen von Google Analytics von Ihrem Browser \u00fcbermittelte IP-Adresse wird nicht mit anderen Daten von Google zusammengef\u00fchrt.<\/p>\n<p>Sie k\u00f6nnen die Speicherung der Cookies durch eine entsprechende Einstellung Ihrer Browser-Software verhindern; wir weisen Sie jedoch darauf hin, dass Sie in diesem Fall gegebenenfalls nicht s\u00e4mtliche Funktionen dieser Webseite vollumf\u00e4nglich werden nutzen k\u00f6nnen. Sie k\u00f6nnen dar\u00fcber hinaus die Erfassung der durch das Cookie erzeugten und auf Ihre Nutzung der Webseite bezogenen Daten (inkl. Ihrer IP-Adresse) an Google sowie die Verarbeitung dieser Daten durch Google verhindern, indem sie das unter dem folgenden Link verf\u00fcgbare Browser-Plugin herunterladen und installieren: <a href=\"http:\/\/tools.google.com\/dlpage\/gaoptout?hl=de\">Browser-Add-on zur Deaktivierung von Google Analytics<\/a>.<\/p>\n<p>Zus\u00e4tzlich oder als Alternative zum Browser-Add-On k\u00f6nnen Sie das Tracking durch Google Analytics auf unseren Seiten unterbinden, indem Sie <a href=\"https:\/\/www.activemind.de\/datenschutz\/datenschutzhinweis-generator\/ergebnis\/\">diesen Link anklicken<\/a> . Dabei wird ein Opt-Out-Cookie auf Ihrem Ger\u00e4t installiert. Damit wird die Erfassung durch Google Analytics f\u00fcr diese Website und f\u00fcr diesen Browser zuk\u00fcnftig verhindert, so lange der Cookie in Ihrem Browser installiert bleibt.<\/p>\n<p><strong>Google AdWords<\/strong><\/p>\n<p>Unsere Webseite nutzt das Google Conversion-Tracking. Sind Sie \u00fcber eine von Google geschaltete Anzeige auf unsere Webseite gelangt, wird von Google Adwords ein Cookie auf Ihrem Rechner gesetzt. Das Cookie f\u00fcr Conversion-Tracking wird gesetzt, wenn ein Nutzer auf eine von Google geschaltete Anzeige klickt. Diese Cookies verlieren nach 30 Tagen ihre G\u00fcltigkeit und dienen nicht der pers\u00f6nlichen Identifizierung. Besucht der Nutzer bestimmte Seiten unserer Website und das Cookie ist noch nicht abgelaufen, k\u00f6nnen wir und Google erkennen, dass der Nutzer auf die Anzeige geklickt hat und zu dieser Seite weitergeleitet wurde. Jeder Google AdWords-Kunde erh\u00e4lt ein anderes Cookie. Cookies k\u00f6nnen somit nicht \u00fcber die Websites von AdWords-Kunden nachverfolgt werden. Die mithilfe des Conversion-Cookies eingeholten Informationen dienen dazu, Conversion-Statistiken f\u00fcr AdWords-Kunden zu erstellen, die sich f\u00fcr Conversion-Tracking entschieden haben. Die Kunden erfahren die Gesamtanzahl der Nutzer, die auf ihre Anzeige geklickt haben und zu einer mit einem Conversion-Tracking-Tag versehenen Seite weitergeleitet wurden. Sie erhalten jedoch keine Informationen, mit denen sich Nutzer pers\u00f6nlich identifizieren lassen.<\/p>\n<p><em>M\u00f6chten Sie nicht am Tracking teilnehmen, k\u00f6nnen Sie das hierf\u00fcr erforderliche Setzen eines Cookies ablehnen \u2013 etwa per Browser-Einstellung, die das automatische Setzen von Cookies generell deaktiviert oder Ihren Browser so einstellen, dass Cookies von der Domain \u201egoogleleadservices.com\u201c blockiert werden.<\/em><\/p>\n<p>Bitte beachten Sie, dass Sie die Opt-out-Cookies nicht l\u00f6schen d\u00fcrfen, solange Sie keine Aufzeichnung von Messdaten w\u00fcnschen. Haben Sie alle Ihre Cookies im Browser gel\u00f6scht, m\u00fcssen Sie das jeweilige Opt-out Cookie erneut setzen.<\/p>\n<p><strong>Einsatz von Google Remarketing<\/strong><\/p>\n<p>Diese Webseite verwendet die Remarketing-Funktion der Google Inc. Die Funktion dient dazu, Webseitenbesuchern innerhalb des Google-Werbenetzwerks interessenbezogene Werbeanzeigen zu pr\u00e4sentieren. Im Browser des Webseitenbesuchers wird ein sog. \u201eCookie\u201c gespeichert, der es erm\u00f6glicht, den Besucher wiederzuerkennen, wenn dieser Webseiten aufruft, die dem Werbenetzwerk von Google angeh\u00f6ren. Auf diesen Seiten k\u00f6nnen dem Besucher Werbeanzeigen pr\u00e4sentiert werden, die sich auf Inhalte beziehen, die der Besucher zuvor auf Webseiten aufgerufen hat, die die Remarketing Funktion von Google verwenden.<br \/>\nNach eigenen Angaben erhebt Google bei diesem Vorgang keine personenbezogenen Daten. Sollten Sie die Funktion Remarketing von Google dennoch nicht w\u00fcnschen, k\u00f6nnen Sie diese grunds\u00e4tzlich deaktivieren, indem Sie die entsprechenden Einstellungen unter <a href=\"http:\/\/www.google.com\/settings\/ads\">http:\/\/www.google.com\/settings\/ads<\/a> vornehmen. Alternativ k\u00f6nnen Sie den Einsatz von Cookies f\u00fcr interessenbezogene Werbung \u00fcber die Werbenetzwerkinitiative deaktivieren, indem Sie den Anweisungen unter <a href=\"http:\/\/www.networkadvertising.org\/managing\/opt_out.asp\">http:\/\/www.networkadvertising.org\/managing\/opt_out.asp<\/a> folgen.<\/p>\n<p><em>Die Datenschutzerkl\u00e4rung wurde u.a. unter Zuhilfenahme folgender Dienste erstellt:<\/em><\/p>\n<ul>\n<li><a href=\"https:\/\/www.activemind.de\/datenschutz\/datenschutzhinweis-generator\/\"><em>Datenschutzerkl\u00e4rungs-Generators der activeMind AG<\/em><\/a><\/li>\n<li>Datenschutzerkl\u00e4rung von Strato<\/li>\n<li>Vorgeschlagene Texte von wordpress<\/li>\n<li>Funktion von installierten Plugins mit Link zur Originalbeschreibung des Plugins<\/li>\n<\/ul>\n<p>Angelika Lindner<\/p>\n<\/div>\n","protected":false},"excerpt":{"rendered":"<p>Verantwortliche Stelle im Sinne der Datenschutzgesetze ist: Angelika Lindner Karl-Frey-Str. 24 70499 Stuttgart https:\/\/youarestillwithme.ange-li.me webmaster@ange-li.me Datenschutz Die Betreiber dieser Seiten nehmen den Schutz&hellip;<\/p>\n","protected":false},"author":1,"featured_media":0,"parent":0,"menu_order":0,"comment_status":"closed","ping_status":"closed","template":"page-templates\/no-sidebar.php","meta":{"footnotes":""},"class_list":["post-11364","page","type-page","status-publish","hentry"],"jetpack_sharing_enabled":true,"jetpack_shortlink":"https:\/\/wp.me\/P52XRJ-2Xi","jetpack-related-posts":[],"_links":{"self":[{"href":"https:\/\/youarestillwithme.ange-li.me\/index.php?rest_route=\/wp\/v2\/pages\/11364"}],"collection":[{"href":"https:\/\/youarestillwithme.ange-li.me\/index.php?rest_route=\/wp\/v2\/pages"}],"about":[{"href":"https:\/\/youarestillwithme.ange-li.me\/index.php?rest_route=\/wp\/v2\/types\/page"}],"author":[{"embeddable":true,"href":"https:\/\/youarestillwithme.ange-li.me\/index.php?rest_route=\/wp\/v2\/users\/1"}],"replies":[{"embeddable":true,"href":"https:\/\/youarestillwithme.ange-li.me\/index.php?rest_route=%2Fwp%2Fv2%2Fcomments&post=11364"}],"version-history":[{"count":8,"href":"https:\/\/youarestillwithme.ange-li.me\/index.php?rest_route=\/wp\/v2\/pages\/11364\/revisions"}],"predecessor-version":[{"id":11853,"href":"https:\/\/youarestillwithme.ange-li.me\/index.php?rest_route=\/wp\/v2\/pages\/11364\/revisions\/11853"}],"wp:attachment":[{"href":"https:\/\/youarestillwithme.ange-li.me\/index.php?rest_route=%2Fwp%2Fv2%2Fmedia&parent=11364"}],"curies":[{"name":"wp","href":"https:\/\/api.w.org\/{rel}","templated":true}]}}